{"id":358,"date":"2026-04-21T18:17:49","date_gmt":"2026-04-21T18:17:49","guid":{"rendered":"http:\/\/localhost:8080\/oxilam\/?post_type=product&#038;p=358"},"modified":"2026-04-21T19:45:08","modified_gmt":"2026-04-21T19:45:08","slug":"camara-hiperbarica","status":"publish","type":"product","link":"https:\/\/oxylam.com.mx\/?product=camara-hiperbarica","title":{"rendered":"C\u00e1mara Hiperbarica"},"content":{"rendered":"<p>Incluye:<br \/>\n\u2022 1 concentrador de ox\u00edgeno de 10 LPM<br \/>\n\u2022 1 compresor tipo m\u00e9dico (libre de mantenimiento)<br \/>\n\u2022 Manguera de aire 5 m de longitud<br \/>\n\u2022 Manguera para c\u00e1nula de 15 m de longitud<br \/>\n\u2022 Colch\u00f3n anti escaras tipo hipoalerg\u00e9nico<br \/>\n\u2022 V\u00e1lvula de seguridad<br \/>\n\u2022 V\u00e1lvula de desfogue<br \/>\n\u2022 Man\u00f3metro m\u00e9dico<br \/>\n\u2022 2 cu\u00f1as para soporte de c\u00e1mara hiperb\u00e1rica<br \/>\n\u2022 Cierre tipo dual<br \/>\n\u2022 Control remoto de apagado desde adentro<\/p>\n","protected":false},"excerpt":{"rendered":"<p>Incluye: \u2022 1 concentrador de ox\u00edgeno de 10 LPM \u2022 1 compresor tipo m\u00e9dico (libre de mantenimiento) \u2022 Manguera de [&hellip;]<\/p>\n","protected":false},"featured_media":359,"comment_status":"open","ping_status":"closed","template":"","meta":{"site-sidebar-layout":"default","site-content-layout":"","ast-site-content-layout":"default","site-content-style":"default","site-sidebar-style":"default","ast-global-header-display":"","ast-banner-title-visibility":"","ast-main-header-display":"","ast-hfb-above-header-display":"","ast-hfb-below-header-display":"","ast-hfb-mobile-header-display":"","site-post-title":"","ast-breadcrumbs-content":"","ast-featured-img":"","footer-sml-layout":"","ast-disable-related-posts":"","theme-transparent-header-meta":"default","adv-header-id-meta":"","stick-header-meta":"","header-above-stick-meta":"","header-main-stick-meta":"","header-below-stick-meta":"","astra-migrate-meta-layouts":"set","ast-page-background-enabled":"default","ast-page-background-meta":{"desktop":{"background-color":"var(--ast-global-color-5)","background-image":"","background-repeat":"repeat","background-position":"center center","background-size":"auto","background-attachment":"scroll","background-type":"","background-media":"","overlay-type":"","overlay-color":"","overlay-opacity":"","overlay-gradient":""},"tablet":{"background-color":"","background-image":"","background-repeat":"repeat","background-position":"center center","background-size":"auto","background-attachment":"scroll","background-type":"","background-media":"","overlay-type":"","overlay-color":"","overlay-opacity":"","overlay-gradient":""},"mobile":{"background-color":"","background-image":"","background-repeat":"repeat","background-position":"center center","background-size":"auto","background-attachment":"scroll","background-type":"","background-media":"","overlay-type":"","overlay-color":"","overlay-opacity":"","overlay-gradient":""}},"ast-content-background-meta":{"desktop":{"background-color":"var(--ast-global-color-4)","background-image":"","background-repeat":"repeat","background-position":"center center","background-size":"auto","background-attachment":"scroll","background-type":"","background-media":"","overlay-type":"","overlay-color":"","overlay-opacity":"","overlay-gradient":""},"tablet":{"background-color":"var(--ast-global-color-4)","background-image":"","background-repeat":"repeat","background-position":"center center","background-size":"auto","background-attachment":"scroll","background-type":"","background-media":"","overlay-type":"","overlay-color":"","overlay-opacity":"","overlay-gradient":""},"mobile":{"background-color":"var(--ast-global-color-4)","background-image":"","background-repeat":"repeat","background-position":"center center","background-size":"auto","background-attachment":"scroll","background-type":"","background-media":"","overlay-type":"","overlay-color":"","overlay-opacity":"","overlay-gradient":""}}},"product_brand":[],"product_cat":[26],"product_tag":[],"class_list":{"0":"post-358","1":"product","2":"type-product","3":"status-publish","4":"has-post-thumbnail","6":"product_cat-sin-categorizar","7":"desktop-align-left","8":"tablet-align-left","9":"mobile-align-left","11":"first","12":"instock","13":"sale","14":"shipping-taxable","15":"purchasable","16":"product-type-simple"},"_links":{"self":[{"href":"https:\/\/oxylam.com.mx\/index.php?rest_route=\/wp\/v2\/product\/358","targetHints":{"allow":["GET"]}}],"collection":[{"href":"https:\/\/oxylam.com.mx\/index.php?rest_route=\/wp\/v2\/product"}],"about":[{"href":"https:\/\/oxylam.com.mx\/index.php?rest_route=\/wp\/v2\/types\/product"}],"replies":[{"embeddable":true,"href":"https:\/\/oxylam.com.mx\/index.php?rest_route=%2Fwp%2Fv2%2Fcomments&post=358"}],"wp:featuredmedia":[{"embeddable":true,"href":"https:\/\/oxylam.com.mx\/index.php?rest_route=\/wp\/v2\/media\/359"}],"wp:attachment":[{"href":"https:\/\/oxylam.com.mx\/index.php?rest_route=%2Fwp%2Fv2%2Fmedia&parent=358"}],"wp:term":[{"taxonomy":"product_brand","embeddable":true,"href":"https:\/\/oxylam.com.mx\/index.php?rest_route=%2Fwp%2Fv2%2Fproduct_brand&post=358"},{"taxonomy":"product_cat","embeddable":true,"href":"https:\/\/oxylam.com.mx\/index.php?rest_route=%2Fwp%2Fv2%2Fproduct_cat&post=358"},{"taxonomy":"product_tag","embeddable":true,"href":"https:\/\/oxylam.com.mx\/index.php?rest_route=%2Fwp%2Fv2%2Fproduct_tag&post=358"}],"curies":[{"name":"wp","href":"https:\/\/api.w.org\/{rel}","templated":true}]}}